{"id":20,"date":"2022-04-21T17:24:43","date_gmt":"2022-04-21T17:24:43","guid":{"rendered":"https:\/\/plexijaloste.fi\/micta\/home\/"},"modified":"2024-11-18T12:10:45","modified_gmt":"2024-11-18T12:10:45","slug":"home","status":"publish","type":"page","link":"https:\/\/plexijaloste.fi\/micta\/","title":{"rendered":"Home"},"content":{"rendered":"\r\n\r\n\r\n\r\n\r\n\r\n\r\n\r\n\r\n<h4 style=\"margin-bottom: 0cm; line-height: 100%; color: white;\"><strong>kaatuva maalilaite<\/strong><\/h4>\r\n\r\n\r\n\r\n\r\n\r\n\r\n\r\n<h4>Menik\u00f6 ohi, vai osuiko?<\/h4>\r\n\r\n\r\n\r\n<p>&nbsp;<\/p>\r\n<p style=\"margin-bottom: 0cm; line-height: 100%;\">MicTa:n pitk\u00e4ss\u00e4 kehitysty\u00f6ss\u00e4 on ollut mukana suuri joukko toiminnallisen ja tarkka-ammunnan pitk\u00e4nlinjan harrastajia.<\/p>\r\n<p>&nbsp;<\/p>\r\n<p>Aseinaan n\u00e4m\u00e4 harrastajat k\u00e4ytt\u00e4v\u00e4t niin, airsoft- kuin ruutiaseita kiv\u00e4\u00e4rikalibereihin asti.<\/p>\r\n<p><style type=\"text\/css\">p { margin-bottom: 0.25cm; direction: ltr; line-height: 115%; text-align: left; orphans: 2; widows: 2 }a:link { color: #0000ff }<\/style><\/p>\r\n\r\n\r\n\r\n\r\n\r\n\r\n\r\n<p style=\"text-align: center; color: #ffffff;\"><span style=\"font-size: x-large;\">\u00a0<\/span><\/p>\r\n\r\n\r\n\r\n\r\n\r\n\r\n\r\n\r\n\r\n\r\n\r\n\r\n\r\n\r\n\r\n\r\n\r\n\r\n\r\n\r\n\r\n<h4>\u00a0<\/h4>\r\n<h4 style=\"margin-bottom: 0cm; line-height: 100%;\"><span style=\"font-weight: normal;\">MicTa \u2013 kaatuva maalilaite<\/span><\/h4>\r\n<h4>\u00a0<\/h4>\r\n<h2><style type=\"text\/css\">p { margin-bottom: 0.25cm; direction: ltr; line-height: 115%; text-align: left; orphans: 2; widows: 2 }a:link { color: #0000ff }<\/style><\/h2>\r\n\r\n\r\n\r\n<p style=\"margin-bottom: 0cm; line-height: 100%;\">MicTa on osumasta kaatuva maalilaite, joka nousee automaattisesti yl\u00f6s etuk\u00e4teen asetetun alhaalla oloajan j\u00e4lkeen.<\/p>\r\n<p style=\"margin-bottom: 0cm; line-height: 100%;\">\u00a0<\/p>\r\n<p>&nbsp;<\/p>\r\n<p>MicTa:n herkkyytt\u00e4 voidaan my\u00f6s s\u00e4\u00e4t\u00e4\u00e4 niin, ett\u00e4 maali todella kaatuu vain osumasta, ei esim. osumasta suojapelteihin tai hiekkavallin kiveen!<\/p>\r\n\r\n\r\n\r\n<p><style type=\"text\/css\">\r\n\r\n\r\n\t\r\n\t\r\n\t\r\n\t\r\n\r\n\r\n<\/style><\/p>\r\n<p style=\"margin-bottom: 0cm; line-height: 100%;\">MicTa toimii 2200mAh ladattavalla akulla.\u00a0<\/p>\r\n<p><style type=\"text\/css\"><style type=\"text\/css\">p { margin-bottom: 0.25cm; direction: ltr; line-height: 115%; text-align: left; orphans: 2; widows: 2 }a:link { color: #0000ff }<\/style><\/p>\r\n\r\n\r\n\r\n\r\n\r\n\r\n\r\n\r\n\r\n\r\n\r\n\r\n\r\n<h4><strong>MicTa - Lis\u00e4varusteet<\/strong><\/h4>\r\n\r\n\r\n\r\n<p>&nbsp;<\/p>\r\n<p style=\"margin-bottom: 0cm; line-height: 100%;\">MicTa ei v\u00e4ltt\u00e4m\u00e4tt\u00e4 tarvitse itse maalilaitteen lis\u00e4ksi, kuin haluttuja maalitauluja Airsoft ja ilma-aseammunnassa.<\/p>\r\n\r\n\r\n\r\n<p style=\"margin-bottom: 0cm; line-height: 100%;\">\u00a0<\/p>\r\n<p style=\"margin-bottom: 0cm; line-height: 100%;\">Kiv\u00e4\u00e4riammunnassa suosittelemme 10mm Hardox400-suojapanssaria, jonka sis\u00e4\u00e4n sujautettuna MicTa:si on suojassa, vaikka osuma sattuisikin hieman maalista alas.<\/p>\r\n<p><style type=\"text\/css\">p { margin-bottom: 0.25cm; direction: ltr; line-height: 115%; text-align: left; orphans: 2; widows: 2 }a:link { color: #0000ff }<\/style><\/p>\r\n\r\n\r\n\r\n\r\n\r\n\r\n\r\n<p style=\"text-align: center; color: #ffffff;\"><span style=\"font-size: x-large;\">\u00a0<\/span><\/p>\r\n\r\n\r\n\r\n\r\n\r\n\r\n\r\n\r\n\r\n\r\n\r\n\r\n\r\n\r\n\r\n\r\n\r\n<h4><strong> <style type=\"text\/css\">p { margin-bottom: 0.25cm; direction: ltr; line-height: 115%; text-align: left; orphans: 2; widows: 2 }a:link { color: #0000ff }<\/style><\/strong><\/h4>\r\n<h4 style=\"margin-bottom: 0cm; line-height: 100%;\"><strong>MicTa - Maalitaulut<\/strong><\/h4>\r\n<h4>\u00a0<\/h4>\r\n<h4><style type=\"text\/css\">p { margin-bottom: 0.25cm; direction: ltr; line-height: 115%; text-align: left; orphans: 2; widows: 2 }a:link { color: #0000ff }<\/style><\/h4>\r\n\r\n\r\n\r\n<p>&nbsp;<\/p>\r\n<p style=\"margin-bottom: 0cm; line-height: 100%;\">\u00a0<\/p>\r\n<p style=\"margin-bottom: 0cm; line-height: 100%;\">MicTa:an on saatavilla t\u00e4ll\u00e4 hetkell\u00e4 jo kolmea erilaista maalitaulua SRA-taulut koossa 1:5, v\u00e4rein\u00e4 valkoinen ja ruskea, myyd\u00e4\u00e4n 10 kpl nipuissa.<\/p>\r\n<p style=\"margin-bottom: 0cm; line-height: 100%;\"><style type=\"text\/css\">p { margin-bottom: 0.25cm; direction: ltr; line-height: 115%; text-align: left; orphans: 2; widows: 2 }a:link { color: #0000ff }<\/style><\/p>\r\n\r\n\r\n\r\n\r\n\r\n\r\n\r\n<p style=\"text-align: center; color: #ffffff;\"><span style=\"font-size: x-large;\">\u00a0<\/span><\/p>\r\n\r\n\r\n\r\n\r\n\r\n\r\n\r\n\r\n\r\n\r\n\r\n\r\n\r\n<p style=\"margin-bottom: 0cm; line-height: 100%;\">T\u00e4ydellinen tarkka-ammutaharjoitteluun 100 metrin matkalta, vastaa ammuntaa\u00a0 500metrin matkalle.<\/p>\r\n<p style=\"margin-bottom: 0cm; line-height: 100%;\">\u00a0<\/p>\r\n<p style=\"margin-bottom: 0cm; line-height: 100%;\">Popperi - Erityisesti airsoft ja practicalia harrastavien suosikki. Myyd\u00e4\u00e4n 10 kpl nipuissa.<\/p>\r\n<p style=\"margin-bottom: 0cm; line-height: 100%;\"><style type=\"text\/css\">p { margin-bottom: 0.25cm; direction: ltr; line-height: 115%; text-align: left; orphans: 2; widows: 2 }a:link { color: #0000ff }<\/style><\/p>\r\n<p><style type=\"text\/css\">p { margin-bottom: 0.25cm; direction: ltr; line-height: 115%; text-align: left; orphans: 2; widows: 2 }a:link { color: #0000ff }<\/style><\/p>\r\n\r\n\r\n\r\n\r\n\r\n\r\n\r\n<p style=\"text-align: center; color: #ffffff;\"><span style=\"font-size: x-large;\">\u00a0<\/span><\/p>\r\n\r\n\r\n\r\n\r\n\r\n\r\n\r\n\r\n\r\n<h4><strong> <style type=\"text\/css\">p { margin-bottom: 0.25cm; direction: ltr; line-height: 115%; text-align: left; orphans: 2; widows: 2 }a:link { color: #0000ff }<\/style><\/strong><\/h4>\r\n<h4 style=\"margin-bottom: 0cm; line-height: 100%;\">Kiinnostuitko?<\/h4>\r\n<h4>\u00a0<\/h4>\r\n<h4><style type=\"text\/css\">p { margin-bottom: 0.25cm; direction: ltr; line-height: 115%; text-align: left; orphans: 2; widows: 2 }a:link { color: #0000ff }<\/style><\/h4>\r\n\r\n\r\n\r\n<p>&nbsp;<\/p>\r\n<p style=\"margin-bottom: 0cm; line-height: 100%;\">\u00a0<\/p>\r\n<p style=\"margin-bottom: 0cm; line-height: 100%;\">\u00a0<\/p>\r\n<p style=\"margin-bottom: 0cm; line-height: 100%;\">Jos haluat tilata MicTa-tuotteita, laita meille s\u00e4hk\u00f6postia: <span style=\"color: #0000ff;\"><u><a href=\"mailto:micta@plexijaloste.fi\">micta@plexijaloste.fi<\/a><\/u><\/span><\/p>\r\n\r\n\r\n\r\n<p style=\"margin-bottom: 0cm; line-height: 100%;\">\u00a0<\/p>\r\n<p style=\"margin-bottom: 0cm; line-height: 100%;\"><style type=\"text\/css\">p { margin-bottom: 0.25cm; direction: ltr; line-height: 115%; text-align: left; orphans: 2; widows: 2 }a:link { color: #0000ff }<\/style><\/p>\r\n<p style=\"margin-bottom: 0cm; line-height: 100%;\"><style type=\"text\/css\">p { margin-bottom: 0.25cm; direction: ltr; line-height: 115%; text-align: left; orphans: 2; widows: 2 }a:link { color: #0000ff }<\/style><\/p>\r\n\r\n\r\n\r\n\r\n\r\n\r\n\r\n\r\n\r\n\r\n\r\n\r\n\r\n\r\n\r\n\r\n\r\n\r\n\r\n\r\n\r\n\r\n\r\n\r\n\r\n\r\n\r\n\r\n\r\n\r\n\r\n\r\n\r\n\r\n\r\n\r\n\r\n\r\n\r\n\r\n\r\n\r\n\r\n\r\n\r\n\r\n\r\n<p>Paino: 3.8 Kg<span style=\"color: #888888;\"><br \/><\/span><\/p>\r\n\r\n<p>&nbsp;<\/p>","protected":false},"excerpt":{"rendered":"<p>&nbsp;<\/p>\n","protected":false},"author":1,"featured_media":0,"parent":0,"menu_order":0,"comment_status":"closed","ping_status":"closed","template":"","meta":{"pagelayer_contact_templates":[],"_pagelayer_content":"","footnotes":""},"class_list":["post-20","page","type-page","status-publish","hentry"],"_links":{"self":[{"href":"https:\/\/plexijaloste.fi\/micta\/wp-json\/wp\/v2\/pages\/20","targetHints":{"allow":["GET"]}}],"collection":[{"href":"https:\/\/plexijaloste.fi\/micta\/wp-json\/wp\/v2\/pages"}],"about":[{"href":"https:\/\/plexijaloste.fi\/micta\/wp-json\/wp\/v2\/types\/page"}],"author":[{"embeddable":true,"href":"https:\/\/plexijaloste.fi\/micta\/wp-json\/wp\/v2\/users\/1"}],"replies":[{"embeddable":true,"href":"https:\/\/plexijaloste.fi\/micta\/wp-json\/wp\/v2\/comments?post=20"}],"version-history":[{"count":94,"href":"https:\/\/plexijaloste.fi\/micta\/wp-json\/wp\/v2\/pages\/20\/revisions"}],"predecessor-version":[{"id":209,"href":"https:\/\/plexijaloste.fi\/micta\/wp-json\/wp\/v2\/pages\/20\/revisions\/209"}],"wp:attachment":[{"href":"https:\/\/plexijaloste.fi\/micta\/wp-json\/wp\/v2\/media?parent=20"}],"curies":[{"name":"wp","href":"https:\/\/api.w.org\/{rel}","templated":true}]}}