{"id":174,"date":"2022-06-16T09:31:16","date_gmt":"2022-06-16T09:31:16","guid":{"rendered":"https:\/\/plexijaloste.fi\/micta\/home\/"},"modified":"2022-06-16T10:57:23","modified_gmt":"2022-06-16T10:57:23","slug":"home-svenska","status":"publish","type":"page","link":"https:\/\/plexijaloste.fi\/micta\/home-svenska\/","title":{"rendered":"Home Svenska"},"content":{"rendered":"\n\n\n\n<h4 style=\"margin-bottom: 0cm; line-height: 100%; color: white;\"><span data-sheets-formula-bar-text-style=\"font-size:15px;color:#000000;font-weight:normal;text-decoration:none;font-family:'docs-Calibri';font-style:normal;text-decoration-skip-ink:none;\">reagerande skjuttavla<\/span><\/h4>\n\n\n\n\n\r\n<h4><span data-sheets-formula-bar-text-style=\"font-size:15px;color:#000000;font-weight:normal;text-decoration:none;font-family:'docs-Calibri';font-style:normal;text-decoration-skip-ink:none;\">Var det en miss, eller tr\u00e4ff?<\/span><\/h4>\r\n\n<p>&nbsp;<\/p>\n<p style=\"margin-bottom: 0cm; line-height: 100%;\"><span data-sheets-formula-bar-text-style=\"font-size:15px;color:#000000;font-weight:normal;text-decoration:none;font-family:'docs-Calibri';font-style:normal;text-decoration-skip-ink:none;\">MicTa har blivit utv\u00e4klad i samarbete av s\u00e5v\u00e4l practical-skyttar som prickskyttar.<\/span><\/p>\n<p>&nbsp;<\/p>\n<p><span data-sheets-formula-bar-text-style=\"font-size:15px;color:#000000;font-weight:normal;text-decoration:none;font-family:'docs-Calibri';font-style:normal;text-decoration-skip-ink:none;\">Som vapen har skyttarna anv\u00e4nt b\u00e5de airsoft- och krutvapen, allt till cal. 233<\/span><\/p>\n<p><style type=\"text\/css\">p { margin-bottom: 0.25cm; direction: ltr; line-height: 115%; text-align: left; orphans: 2; widows: 2 }a:link { color: #0000ff }<\/style><\/p>\n\n\n\n\n\r\n<p style=\"text-align: center; color: #ffffff;\"><span style=\"font-size: x-large;\">\u00a0<\/span><\/p>\r\n\n\n\n\n\n\n\n\n\n\n\n\n\n\n\n<h4>&nbsp;<\/h4>\n<h4 style=\"margin-bottom: 0cm; line-height: 100%;\"><span data-sheets-formula-bar-text-style=\"font-size:15px;color:#000000;font-weight:normal;text-decoration:none;font-family:'docs-Calibri';font-style:normal;text-decoration-skip-ink:none;\">Micta &#8211; reagerande skjuttavla<\/span><\/h4>\n<h4>&nbsp;<\/h4>\n<h2><style type=\"text\/css\">p { margin-bottom: 0.25cm; direction: ltr; line-height: 115%; text-align: left; orphans: 2; widows: 2 }a:link { color: #0000ff }<\/style><\/h2>\n<p style=\"margin-bottom: 0cm; line-height: 100%;\"><span data-sheets-formula-bar-text-style=\"font-size:15px;color:#000000;font-weight:normal;text-decoration:none;font-family:'docs-Calibri';font-style:normal;text-decoration-skip-ink:none;\">Micta \u00e4r en skjuttavla som reagerar p\u00e5 tr\u00e4ff, och reser sig efter en p\u00e5 f\u00f6rhand inst\u00e4lld tid.<\/span><\/p>\n<p style=\"margin-bottom: 0cm; line-height: 100%;\">&nbsp;<\/p>\n<p>&nbsp;<\/p>\n<p><span data-sheets-formula-bar-text-style=\"font-size:15px;color:#000000;font-weight:normal;text-decoration:none;font-family:'docs-Calibri';font-style:normal;text-decoration-skip-ink:none;\">Tr\u00e4ffytans k\u00e4nslighet kan justeras s\u00e5 att skjyttavlan bara l\u00e4gger sig vid fr\u00e4ff. Tavlan reagerar inte vid tr\u00e4ff av skyddspl\u00e5ten eller sandvallen.<\/span><\/p>\n<p><style type=\"text\/css\">\n\n\n\t\n\t\n\t\n\t\n\n\n<\/style><\/p>\n<p style=\"margin-bottom: 0cm; line-height: 100%;\"><span data-sheets-formula-bar-text-style=\"font-size:15px;color:#000000;font-weight:normal;text-decoration:none;font-family:'docs-Calibri';font-style:normal;text-decoration-skip-ink:none;\">Micta funktionerar med 6 stycken AA batterier(ing\u00e5r icke). 2 \u00e5rs Garanti.<\/span><\/p>\n<p><style type=\"text\/css\"><style type=\"text\/css\">p { margin-bottom: 0.25cm; direction: ltr; line-height: 115%; text-align: left; orphans: 2; widows: 2 }a:link { color: #0000ff }<\/style><\/p>\n\n\n\n\n\n\n\n\n\n<h4><span data-sheets-formula-bar-text-style=\"font-size:15px;color:#000000;font-weight:normal;text-decoration:none;font-family:'docs-Calibri';font-style:normal;text-decoration-skip-ink:none;\">Micta - Tillbeh\u00f6r<\/span><\/h4>\n<p>&nbsp;<\/p>\n<p style=\"margin-bottom: 0cm; line-height: 100%;\"><span data-sheets-formula-bar-text-style=\"font-size:15px;color:#000000;font-weight:normal;text-decoration:none;font-family:'docs-Calibri';font-style:normal;text-decoration-skip-ink:none;\">F\u00f6r att anv\u00e4nda Micta, beh\u00f6ver man l\u00e4mpiga m\u00e5ltavlor som reagerar p\u00e5 r\u00e4tt vis.<\/span><\/p>\n<p style=\"margin-bottom: 0cm; line-height: 100%;\">&nbsp;<\/p>\n<p style=\"margin-bottom: 0cm; line-height: 100%;\"><span data-sheets-formula-bar-text-style=\"font-size:15px;color:#000000;font-weight:normal;text-decoration:none;font-family:'docs-Calibri';font-style:normal;text-decoration-skip-ink:none;\">F\u00f6r gev\u00e4rskytte rekommenderas Hardox skydspansar, som skyddar Micta vid en l\u00e5g tr\u00e4ff.<\/span><\/p>\n<p><style type=\"text\/css\">p { margin-bottom: 0.25cm; direction: ltr; line-height: 115%; text-align: left; orphans: 2; widows: 2 }a:link { color: #0000ff }<\/style><\/p>\n\n\n\n\n\r\n<p style=\"text-align: center; color: #ffffff;\"><span style=\"font-size: x-large;\">\u00a0<\/span><\/p>\r\n\n\n\n\n\n\n\n\n\n\n\n\n<h4><strong> <style type=\"text\/css\">p { margin-bottom: 0.25cm; direction: ltr; line-height: 115%; text-align: left; orphans: 2; widows: 2 }a:link { color: #0000ff }<\/style><\/strong><\/h4>\n<h4 style=\"margin-bottom: 0cm; line-height: 100%;\"><span data-sheets-formula-bar-text-style=\"font-size:15px;color:#000000;font-weight:normal;text-decoration:none;font-family:'docs-Calibri';font-style:normal;text-decoration-skip-ink:none;\">MicTa - M\u00e5latavlor<\/span><\/h4>\n<h4>&nbsp;<\/h4>\n<h4><style type=\"text\/css\">p { margin-bottom: 0.25cm; direction: ltr; line-height: 115%; text-align: left; orphans: 2; widows: 2 }a:link { color: #0000ff }<\/style><\/h4>\n<p>&nbsp;<\/p>\n<p style=\"margin-bottom: 0cm; line-height: 100%;\">&nbsp;<\/p>\n<p style=\"margin-bottom: 0cm; line-height: 100%;\"><span data-sheets-formula-bar-text-style=\"font-size:15px;color:#000000;font-weight:normal;text-decoration:none;font-family:'docs-Calibri';font-style:normal;text-decoration-skip-ink:none;\">F\u00f6r tillf\u00e4llet finns det till att k\u00f6pa tre olika \"SA\"-m\u00e5ltavlor i storlek 1:5, antingen bruna eller vita. I knippen finns det 10 st.<\/span><\/p>\n<p style=\"margin-bottom: 0cm; line-height: 100%;\"><style type=\"text\/css\">p { margin-bottom: 0.25cm; direction: ltr; line-height: 115%; text-align: left; orphans: 2; widows: 2 }a:link { color: #0000ff }<\/style><\/p>\n\n\n\n\n\r\n<p style=\"text-align: center; color: #ffffff;\"><span style=\"font-size: x-large;\">\u00a0<\/span><\/p>\r\n\n\n\n\n\n\n\n\n\n<p style=\"margin-bottom: 0cm; line-height: 100%;\"><span data-sheets-formula-bar-text-style=\"font-size:15px;color:#000000;font-weight:normal;text-decoration:none;font-family:'docs-Calibri';font-style:normal;text-decoration-skip-ink:none;\">L\u00e4mppar sig perfekt f\u00f6r prickskytte, 100M motsvarar 500m med tex. .308<\/span><\/p>\n<p style=\"margin-bottom: 0cm; line-height: 100%;\">&nbsp;<\/p>\n<p style=\"margin-bottom: 0cm; line-height: 100%;\"><span data-sheets-formula-bar-text-style=\"font-size:15px;color:#000000;font-weight:normal;text-decoration:none;font-family:'docs-Calibri';font-style:normal;text-decoration-skip-ink:none;\">Poppern \u00e4r en m\u00e5ltavla specielt f\u00f6r softair skjutningar. I knippen finns det 10 st.<\/span><\/p>\n<p style=\"margin-bottom: 0cm; line-height: 100%;\"><style type=\"text\/css\">p { margin-bottom: 0.25cm; direction: ltr; line-height: 115%; text-align: left; orphans: 2; widows: 2 }a:link { color: #0000ff }<\/style><\/p>\n<p><style type=\"text\/css\">p { margin-bottom: 0.25cm; direction: ltr; line-height: 115%; text-align: left; orphans: 2; widows: 2 }a:link { color: #0000ff }<\/style><\/p>\n\n\n\n\n\r\n<p style=\"text-align: center; color: #ffffff;\"><span style=\"font-size: x-large;\">\u00a0<\/span><\/p>\r\n\n\n\n\n\n\n<h4><strong> <style type=\"text\/css\">p { margin-bottom: 0.25cm; direction: ltr; line-height: 115%; text-align: left; orphans: 2; widows: 2 }a:link { color: #0000ff }<\/style><\/strong><\/h4>\n<h4 style=\"margin-bottom: 0cm; line-height: 100%;\">Var du intresserad?<\/h4>\n<h4>&nbsp;<\/h4>\n<h4><style type=\"text\/css\">p { margin-bottom: 0.25cm; direction: ltr; line-height: 115%; text-align: left; orphans: 2; widows: 2 }a:link { color: #0000ff }<\/style><\/h4>\n<p>&nbsp;<\/p>\n<p style=\"margin-bottom: 0cm; line-height: 100%;\">&nbsp;<\/p>\n<p style=\"margin-bottom: 0cm; line-height: 100%;\">&nbsp;<\/p>\n<p style=\"margin-bottom: 0cm; line-height: 100%;\"><span data-sheets-formula-bar-text-style=\"font-size:15px;color:#000000;font-weight:normal;text-decoration:none;font-family:'docs-Calibri';font-style:normal;text-decoration-skip-ink:none;\">Om du \u00e4r intresserad av Micta v\u00e4nligen skicka e-post till:<\/span> <span style=\"color: #0000ff;\"><u><a href=\"mailto:micta@plexijaloste.fi\">micta@plexijaloste.fi<\/a><\/u><\/span><\/p>\n\n\n\n\n\n\nnnnnnn\n\n\nnnnnnn\n\n\nnnnnnn\n\n\nnnnnnn\n\n\n\n\nnnnnnn\n\n\nnnnnnn\n\n\nnnnnnn\n\n\nnnnnnn\n\n\n\n\n\r\n<p>Paino: 1,3 Kg<span style=\"color: #888888;\"><br \/><\/span><\/p>\r\n\n\n\n","protected":false},"excerpt":{"rendered":"","protected":false},"author":1,"featured_media":0,"parent":0,"menu_order":0,"comment_status":"closed","ping_status":"closed","template":"","meta":{"pagelayer_contact_templates":[],"_pagelayer_content":"","footnotes":""},"class_list":["post-174","page","type-page","status-publish","hentry"],"_links":{"self":[{"href":"https:\/\/plexijaloste.fi\/micta\/wp-json\/wp\/v2\/pages\/174","targetHints":{"allow":["GET"]}}],"collection":[{"href":"https:\/\/plexijaloste.fi\/micta\/wp-json\/wp\/v2\/pages"}],"about":[{"href":"https:\/\/plexijaloste.fi\/micta\/wp-json\/wp\/v2\/types\/page"}],"author":[{"embeddable":true,"href":"https:\/\/plexijaloste.fi\/micta\/wp-json\/wp\/v2\/users\/1"}],"replies":[{"embeddable":true,"href":"https:\/\/plexijaloste.fi\/micta\/wp-json\/wp\/v2\/comments?post=174"}],"version-history":[{"count":7,"href":"https:\/\/plexijaloste.fi\/micta\/wp-json\/wp\/v2\/pages\/174\/revisions"}],"predecessor-version":[{"id":190,"href":"https:\/\/plexijaloste.fi\/micta\/wp-json\/wp\/v2\/pages\/174\/revisions\/190"}],"wp:attachment":[{"href":"https:\/\/plexijaloste.fi\/micta\/wp-json\/wp\/v2\/media?parent=174"}],"curies":[{"name":"wp","href":"https:\/\/api.w.org\/{rel}","templated":true}]}}