{"id":232,"date":"2023-01-17T09:03:36","date_gmt":"2023-01-17T09:03:36","guid":{"rendered":"https:\/\/plexijaloste.fi\/avustajakoiranpalkitsemisautomaatti\/?page_id=232"},"modified":"2024-01-17T20:51:34","modified_gmt":"2024-01-17T20:51:34","slug":"avustajakoiran-palkitsemisautomaatti-en","status":"publish","type":"page","link":"https:\/\/plexijaloste.fi\/avustajakoiranpalkitsemisautomaatti\/avustajakoiran-palkitsemisautomaatti-en\/","title":{"rendered":"Assistance dog reward device"},"content":{"rendered":"\n<p class=\"has-text-align-right\"><a href=\"https:\/\/plexijaloste.fi\/avustajakoiranpalkitsemisautomaatti\/\" data-type=\"page\" data-id=\"10\">FI<\/a> | <a href=\"https:\/\/plexijaloste.fi\/avustajakoiranpalkitsemisautomaatti\/avustajakoiran-palkitsemisautomaatti-swe\/\" data-type=\"page\" data-id=\"99\">SWE<\/a> | <a href=\"https:\/\/plexijaloste.fi\/avustajakoiranpalkitsemisautomaatti\/avustajakoiran-palkitsemisautomaatti-en\/\" data-type=\"page\" data-id=\"97\">EN<\/a><\/p>\n\n\n\n<div class=\"wp-block-cover alignwide\"><span aria-hidden=\"true\" class=\"wp-block-cover__background has-accent-background-color has-background-dim-70 has-background-dim\"><\/span><img loading=\"lazy\" decoding=\"async\" width=\"908\" height=\"960\" class=\"wp-block-cover__image-background wp-image-27\" alt=\"\" src=\"https:\/\/plexijaloste.fi\/avustajakoiranpalkitsemisautomaatti\/wp-content\/uploads\/2022\/10\/KOIRANAMU_08.jpg\" data-object-fit=\"cover\" srcset=\"https:\/\/plexijaloste.fi\/avustajakoiranpalkitsemisautomaatti\/wp-content\/uploads\/2022\/10\/KOIRANAMU_08.jpg 908w, https:\/\/plexijaloste.fi\/avustajakoiranpalkitsemisautomaatti\/wp-content\/uploads\/2022\/10\/KOIRANAMU_08-284x300.jpg 284w, https:\/\/plexijaloste.fi\/avustajakoiranpalkitsemisautomaatti\/wp-content\/uploads\/2022\/10\/KOIRANAMU_08-768x812.jpg 768w\" sizes=\"auto, (max-width: 908px) 100vw, 908px\" \/><div class=\"wp-block-cover__inner-container is-layout-flow wp-block-cover-is-layout-flow\">\n<p><\/p>\n\n\n\n<p><\/p>\n\n\n\n<p class=\"has-text-align-center has-base-3-color has-text-color has-x-large-font-size\" style=\"font-style:normal;font-weight:900\"><strong>EasyTreat rewards the assistance dog<\/strong><\/p>\n<\/div><\/div>\n\n\n\n<p><\/p>\n\n\n\n<h5 class=\"wp-block-heading\">A small reward guides the activity of the assistance dog in the right direction and keeps the dog satisfied. The reward encourages the dog and is a clear sign that the job has been done correctly.<\/h5>\n\n\n\n<p><\/p>\n\n\n\n<figure class=\"wp-block-image size-full\"><img loading=\"lazy\" decoding=\"async\" width=\"1004\" height=\"726\" src=\"https:\/\/plexijaloste.fi\/avustajakoiranpalkitsemisautomaatti\/wp-content\/uploads\/2022\/12\/dogi.jpg\" alt=\"\" class=\"wp-image-164\" srcset=\"https:\/\/plexijaloste.fi\/avustajakoiranpalkitsemisautomaatti\/wp-content\/uploads\/2022\/12\/dogi.jpg 1004w, https:\/\/plexijaloste.fi\/avustajakoiranpalkitsemisautomaatti\/wp-content\/uploads\/2022\/12\/dogi-300x217.jpg 300w, https:\/\/plexijaloste.fi\/avustajakoiranpalkitsemisautomaatti\/wp-content\/uploads\/2022\/12\/dogi-768x555.jpg 768w\" sizes=\"auto, (max-width: 1004px) 100vw, 1004px\" \/><figcaption class=\"wp-element-caption\">Reward the assistance dog at the right moment<\/figcaption><\/figure>\n\n\n\n<h3 class=\"wp-block-heading\">A good reward for an assistance dog<\/h3>\n\n\n\n<p class=\"has-small-font-size\">A suitable reward for an assistance dog is motivating, but does not take too much attention. Rewarding with treats is often the most practical way to reward an assistance dog. Then the dog can be rewarded at close range in a controlled manner and the dog is quickly ready to continue working again.<\/p>\n\n\n\n<h3 class=\"wp-block-heading\">Rewarding can be difficult<\/h3>\n\n\n\n<p>Due to physical limitations, giving a treat reward to a dog is not always possible or easy enough. It can be difficult to give treats quickly and they may end up in an awkward place.<\/p>\n\n\n\n<h3 class=\"wp-block-heading\">An easy way to give a reward<\/h3>\n\n\n\n<p>Designed especially for service dog users, EasyTreat is a good solution to the reward problem. The machine, designed to be attached to a wheelchair, gives the dog a reward easily and smoothly by pressing one button. The device is a particularly good help for assistance dog users who move independently in a wheelchair.<\/p>\n\n\n\n<h3 class=\"wp-block-heading\">How does EasyTreat work?<\/h3>\n\n\n\n<p>A treat bar is fed into the machine and at the moment of reward, the device cuts off a slice of the appropriate size from the bar, which drops into the tray of the device within reach of the dog. After pressing the button, it only takes 5 seconds for the reward to fall, so rewarding is quick and easy to time correctly.<\/p>\n\n\n\n<figure class=\"wp-block-image size-full\"><img loading=\"lazy\" decoding=\"async\" width=\"1003\" height=\"1019\" src=\"https:\/\/plexijaloste.fi\/avustajakoiranpalkitsemisautomaatti\/wp-content\/uploads\/2022\/12\/easytreat.jpg\" alt=\"\" class=\"wp-image-196\" srcset=\"https:\/\/plexijaloste.fi\/avustajakoiranpalkitsemisautomaatti\/wp-content\/uploads\/2022\/12\/easytreat.jpg 1003w, https:\/\/plexijaloste.fi\/avustajakoiranpalkitsemisautomaatti\/wp-content\/uploads\/2022\/12\/easytreat-295x300.jpg 295w, https:\/\/plexijaloste.fi\/avustajakoiranpalkitsemisautomaatti\/wp-content\/uploads\/2022\/12\/easytreat-768x780.jpg 768w\" sizes=\"auto, (max-width: 1003px) 100vw, 1003px\" \/><\/figure>\n\n\n\n<p><\/p>\n\n\n\n<h3 class=\"wp-block-heading has-medium-font-size\">EasyTreat is attached to the wheelchair<\/h3>\n\n\n\n<p class=\"has-small-font-size\">Easytreat can be attached to both electric and manual wheelchair models. A GripRose bracket is installed on the wheelchair, to which the EasyTreat device is pressed. The device is easily removed from the bracket by turning the lever. Fasteners can be attached to several wheelchairs, or to different sides of the chair.<\/p>\n\n\n\n<h3 class=\"wp-block-heading has-medium-font-size\">Reward at the press of a button<\/h3>\n\n\n\n<p>The device includes a large round wired button, which by pressing the device gives the dog a reward. The button can be attached with a strap to e.g. the armrest or the headrest. A wireless button is available as an accessory.<\/p>\n\n\n\n<div class=\"wp-block-media-text alignwide has-media-on-the-right is-stacked-on-mobile\" style=\"grid-template-columns:auto 30%\"><div class=\"wp-block-media-text__content\">\n<h3 class=\"wp-block-heading\">Reward<\/h3>\n\n\n\n<p>In EasyTreat, you can use 10-20 cm long and 6-12 mm thick round treat sticks, which you can get from markets and pet stores.<\/p>\n\n\n\n<h3 class=\"wp-block-heading\">Included in the package<\/h3>\n\n\n\n<p>\u2022 EasyTreat device<br>\u2022 2 GripRose mounts<br>\u2022 Wired button and fastening strap<br>\u2022 Charging cable<\/p>\n\n\n\n<h3 class=\"wp-block-heading\">Technical information:<\/h3>\n\n\n\n<p>\u2022 Dimensions WxHxD= 125x285x90 \u200b\u200bmm<br>\u2022 Weight 1.2 kg<br>\u2022 Push button cable length 1 m<br>\u2022 Thickness of the prize bar: 6 \u2013 12 mm<br>\u2022 Length of the prize bar: 10 &#8211; 20 cm<br>\u2022 Battery life: 1 \u2013 2 weeks depending on use<br>\u2022 Outer shell material:<br>POM\/impact resistant polystyrene<\/p>\n\n\n\n<h5 class=\"wp-block-heading\"><a href=\"https:\/\/plexijaloste.fi\/avustajakoiranpalkitsemisautomaatti\/wp-content\/uploads\/2023\/03\/EasyTreat-instructions-ENG_010323_V2.pdf\" data-type=\"attachment\" data-id=\"257\">Download the user manual here.<\/a><\/h5>\n\n\n\n<p><\/p>\n<\/div><figure class=\"wp-block-media-text__media\"><img loading=\"lazy\" decoding=\"async\" width=\"427\" height=\"1051\" src=\"https:\/\/plexijaloste.fi\/avustajakoiranpalkitsemisautomaatti\/wp-content\/uploads\/2022\/12\/easytreat2-1.jpg\" alt=\"\" class=\"wp-image-217 size-full\" srcset=\"https:\/\/plexijaloste.fi\/avustajakoiranpalkitsemisautomaatti\/wp-content\/uploads\/2022\/12\/easytreat2-1.jpg 427w, https:\/\/plexijaloste.fi\/avustajakoiranpalkitsemisautomaatti\/wp-content\/uploads\/2022\/12\/easytreat2-1-122x300.jpg 122w, https:\/\/plexijaloste.fi\/avustajakoiranpalkitsemisautomaatti\/wp-content\/uploads\/2022\/12\/easytreat2-1-416x1024.jpg 416w\" sizes=\"auto, (max-width: 427px) 100vw, 427px\" \/><\/figure><\/div>\n\n\n\n<figure class=\"wp-block-embed is-type-video is-provider-youtube wp-block-embed-youtube wp-embed-aspect-16-9 wp-has-aspect-ratio\"><div class=\"wp-block-embed__wrapper\">\n<iframe loading=\"lazy\" title=\"EasyTreat Kiinnitys\" width=\"1200\" height=\"675\" src=\"https:\/\/www.youtube.com\/embed\/2Ziq9-eRPa8?feature=oembed\" frameborder=\"0\" allow=\"accelerometer; autoplay; clipboard-write; encrypted-media; gyroscope; picture-in-picture; web-share\" allowfullscreen><\/iframe>\n<\/div><\/figure>\n\n\n<div class=\"wp-block-image\">\n<figure class=\"aligncenter size-full is-resized\"><img loading=\"lazy\" decoding=\"async\" width=\"765\" height=\"180\" src=\"https:\/\/plexijaloste.fi\/avustajakoiranpalkitsemisautomaatti\/wp-content\/uploads\/2022\/12\/easytreatLOGO.jpg\" alt=\"\" class=\"wp-image-221\" style=\"width:383px;height:90px\" srcset=\"https:\/\/plexijaloste.fi\/avustajakoiranpalkitsemisautomaatti\/wp-content\/uploads\/2022\/12\/easytreatLOGO.jpg 765w, https:\/\/plexijaloste.fi\/avustajakoiranpalkitsemisautomaatti\/wp-content\/uploads\/2022\/12\/easytreatLOGO-300x71.jpg 300w\" sizes=\"auto, (max-width: 765px) 100vw, 765px\" \/><figcaption class=\"wp-element-caption\">Sales: Oy Plexijaloste Ab, www.plexijaloste.fi\/easytreat, info@easytreat.fi, tel. +358 500 440 828, Kylm\u00e4l\u00e4ntie 521 A 02540 Kylm\u00e4l\u00e4, Finland<br>\u00a9 Oy Plexijaloste Ab, we reserve the right to changes.<\/figcaption><\/figure>\n<\/div>","protected":false},"excerpt":{"rendered":"<p>FI | SWE | EN A small reward guides the activity of the assistance dog in the right direction and keeps the dog satisfied. The reward encourages the dog and is a clear sign that the job has been done correctly. A good reward for an assistance dog A suitable reward for an assistance dog &#8230; <a title=\"Assistance dog reward device\" class=\"read-more\" href=\"https:\/\/plexijaloste.fi\/avustajakoiranpalkitsemisautomaatti\/avustajakoiran-palkitsemisautomaatti-en\/\" aria-label=\"Lis\u00e4\u00e4 Assistance dog reward device\">Lue lis\u00e4\u00e4<\/a><\/p>\n","protected":false},"author":1,"featured_media":0,"parent":0,"menu_order":0,"comment_status":"closed","ping_status":"closed","template":"","meta":{"footnotes":""},"class_list":["post-232","page","type-page","status-publish"],"_links":{"self":[{"href":"https:\/\/plexijaloste.fi\/avustajakoiranpalkitsemisautomaatti\/wp-json\/wp\/v2\/pages\/232","targetHints":{"allow":["GET"]}}],"collection":[{"href":"https:\/\/plexijaloste.fi\/avustajakoiranpalkitsemisautomaatti\/wp-json\/wp\/v2\/pages"}],"about":[{"href":"https:\/\/plexijaloste.fi\/avustajakoiranpalkitsemisautomaatti\/wp-json\/wp\/v2\/types\/page"}],"author":[{"embeddable":true,"href":"https:\/\/plexijaloste.fi\/avustajakoiranpalkitsemisautomaatti\/wp-json\/wp\/v2\/users\/1"}],"replies":[{"embeddable":true,"href":"https:\/\/plexijaloste.fi\/avustajakoiranpalkitsemisautomaatti\/wp-json\/wp\/v2\/comments?post=232"}],"version-history":[{"count":7,"href":"https:\/\/plexijaloste.fi\/avustajakoiranpalkitsemisautomaatti\/wp-json\/wp\/v2\/pages\/232\/revisions"}],"predecessor-version":[{"id":269,"href":"https:\/\/plexijaloste.fi\/avustajakoiranpalkitsemisautomaatti\/wp-json\/wp\/v2\/pages\/232\/revisions\/269"}],"wp:attachment":[{"href":"https:\/\/plexijaloste.fi\/avustajakoiranpalkitsemisautomaatti\/wp-json\/wp\/v2\/media?parent=232"}],"curies":[{"name":"wp","href":"https:\/\/api.w.org\/{rel}","templated":true}]}}